{"id":1242,"date":"2018-10-13T17:03:53","date_gmt":"2018-10-13T21:03:53","guid":{"rendered":"https:\/\/caapestrie.org\/network-institutions\/"},"modified":"2020-05-13T15:25:07","modified_gmt":"2020-05-13T19:25:07","slug":"network-institutions","status":"publish","type":"page","link":"https:\/\/caapestrie.org\/en\/network-institutions\/","title":{"rendered":"Network Institutions"},"content":{"rendered":"<p>[et_pb_section fb_built=&#8221;1&#8243; _builder_version=&#8221;3.9&#8243;][et_pb_row admin_label=&#8221;row&#8221; _builder_version=&#8221;3.0.47&#8243; background_size=&#8221;initial&#8221; background_position=&#8221;top_left&#8221; background_repeat=&#8221;repeat&#8221;][et_pb_column type=&#8221;2_3&#8243; _builder_version=&#8221;3.0.47&#8243;][et_pb_text admin_label=&#8221;Text&#8221; _builder_version=&#8221;3.0.74&#8243; background_size=&#8221;initial&#8221; background_position=&#8221;top_left&#8221; background_repeat=&#8221;repeat&#8221;]<\/p>\n<h1>Network institutions<\/h1>\n<p>Public institutions are entities that include several facilities providing health care or social services. For example, an institution may group together several hospitals. However, it is not always easy to determine the institution with which certain facilities are affiliated. As a result, when users files a complaint, it may not be immediately clear who they should contact.<\/p>\n<p><strong>Which Commissioner office\u00a0should you go to if you are dissatisfied with an ambulance ride? To whom should you report the poor quality of food at a seniors\u2019 residence?\u00a0<\/strong><\/p>\n<h2>Types of institutions<\/h2>\n<h3>The centres int\u00e9gr\u00e9s de sant\u00e9 et de services sociaux (CISSS) and the centres int\u00e9gr\u00e9s universitaires de sant\u00e9 et de services sociaux (CIUSSS)<\/h3>\n<p>These institutions were formed with the fusion of a part or all of the public institutions in a same region with the health and social services agency (agence de sant\u00e9 et des services sociaux). The difference between a CISSS and the CIUSSS come from their board of directors: The CIUSSS must have two members of their board of directors nominated by a list provided by the university in that region.<\/p>\n<h3>Other institutions<\/h3>\n<p>Certain institutions did not get fused or grouped into the integrated centre (CISSS or CIUSSS), they are:<\/p>\n<ul>\n<li>The Centre hospitalier de l&#8217;Universit\u00e9 de Montr\u00e9al (CHUM)<\/li>\n<li>The Centre hospitalier universitaire Sainte-Justine (Sainte-Justine Hospital)<\/li>\n<li>The Centre universitaire de sant\u00e9 McGill<\/li>\n<li>L&#8217;Institut de Cardiologie de Montr\u00e9al (Cardiology Institute of Montreal)<\/li>\n<li>L&#8217;institut Philippe-Pinel de Montr\u00e9al (Philippe-Pinet Institute of Montreal)<\/li>\n<li>The CHU de Qu\u00e9bec<\/li>\n<li>L&#8217;Institut universitaire de cardiologie et de pneumologie de Qu\u00e9bec \u2013 Universit\u00e9 Laval (Heart and Lung Institute of Quebec- Laval University)<\/li>\n<\/ul>\n<h2>The institutions brings together facilities<\/h2>\n<p>Facilities are physical places where health services and social services are provided to the population. So, these services are furnished by the institutions, through the facilities. Facilities are, for example:<\/p>\n<ul>\n<li>Hospital centres<\/li>\n<li>CLSCs<\/li>\n<li>Long-term care facilities (CHSLD)<\/li>\n<li>Youth protection centres<\/li>\n<li>Readaptation centres<\/li>\n<li>Intermediate resources<\/li>\n<li>Foster families and residences<\/li>\n<li>etc.<\/li>\n<\/ul>\n<p>[\/et_pb_text][et_pb_text _builder_version=&#8221;3.19.4&#8243;]In case of doubt, you can always <a href=\"https:\/\/caapestrie.org\/en\/contact\/\">contact us.<\/a>[\/et_pb_text][\/et_pb_column][et_pb_column type=&#8221;1_3&#8243; _builder_version=&#8221;3.0.47&#8243;][\/et_pb_column][\/et_pb_row][\/et_pb_section]<\/p>\n","protected":false},"excerpt":{"rendered":"<p>Network institutions Public institutions are entities that include several facilities providing health care or social services. For example, an institution may group together several hospitals. However, it is not always easy to determine the institution with which certain facilities are affiliated. As a result, when users files a complaint, it may not be immediately clear [&hellip;]<\/p>\n","protected":false},"author":2,"featured_media":0,"parent":0,"menu_order":0,"comment_status":"closed","ping_status":"closed","template":"","meta":{"_et_pb_use_builder":"on","_et_pb_old_content":"","_et_gb_content_width":"","footnotes":""},"class_list":["post-1242","page","type-page","status-publish","hentry"],"_links":{"self":[{"href":"https:\/\/caapestrie.org\/en\/wp-json\/wp\/v2\/pages\/1242","targetHints":{"allow":["GET"]}}],"collection":[{"href":"https:\/\/caapestrie.org\/en\/wp-json\/wp\/v2\/pages"}],"about":[{"href":"https:\/\/caapestrie.org\/en\/wp-json\/wp\/v2\/types\/page"}],"author":[{"embeddable":true,"href":"https:\/\/caapestrie.org\/en\/wp-json\/wp\/v2\/users\/2"}],"replies":[{"embeddable":true,"href":"https:\/\/caapestrie.org\/en\/wp-json\/wp\/v2\/comments?post=1242"}],"version-history":[{"count":5,"href":"https:\/\/caapestrie.org\/en\/wp-json\/wp\/v2\/pages\/1242\/revisions"}],"predecessor-version":[{"id":1722,"href":"https:\/\/caapestrie.org\/en\/wp-json\/wp\/v2\/pages\/1242\/revisions\/1722"}],"wp:attachment":[{"href":"https:\/\/caapestrie.org\/en\/wp-json\/wp\/v2\/media?parent=1242"}],"curies":[{"name":"wp","href":"https:\/\/api.w.org\/{rel}","templated":true}]}}